{"id":10835,"date":"2024-11-10T22:20:12","date_gmt":"2024-11-10T21:20:12","guid":{"rendered":"https:\/\/dorishartwich.de\/imprint\/"},"modified":"2024-11-26T23:27:14","modified_gmt":"2024-11-26T22:27:14","slug":"imprint","status":"publish","type":"page","link":"https:\/\/www.dorishartwich.de\/en\/imprint\/","title":{"rendered":"Imprint"},"content":{"rendered":"\t\t<div data-elementor-type=\"wp-page\" data-elementor-id=\"10835\" class=\"elementor elementor-10835 elementor-10272\" data-elementor-post-type=\"page\">\n\t\t\t\t<div class=\"elementor-element elementor-element-683b31b e-flex e-con-boxed e-con e-parent\" data-id=\"683b31b\" data-element_type=\"container\" data-e-type=\"container\" data-settings=\"{&quot;background_background&quot;:&quot;classic&quot;}\">\n\t\t\t\t\t<div class=\"e-con-inner\">\n\t\t\t\t<div class=\"elementor-element elementor-element-85e1790 elementor-widget elementor-widget-heading\" data-id=\"85e1790\" data-element_type=\"widget\" data-e-type=\"widget\" data-widget_type=\"heading.default\">\n\t\t\t\t<div class=\"elementor-widget-container\">\n\t\t\t\t\t<h1 class=\"elementor-heading-title elementor-size-default\">Imprint<\/h1>\t\t\t\t<\/div>\n\t\t\t\t<\/div>\n\t\t\t\t\t<\/div>\n\t\t\t\t<\/div>\n\t\t<div class=\"elementor-element elementor-element-9231f50 e-flex e-con-boxed e-con e-parent\" data-id=\"9231f50\" data-element_type=\"container\" data-e-type=\"container\">\n\t\t\t\t\t<div class=\"e-con-inner\">\n\t\t\t\t<div class=\"elementor-element elementor-element-dc8b116 elementor-widget__width-initial elementor-widget elementor-widget-text-editor\" data-id=\"dc8b116\" data-element_type=\"widget\" data-e-type=\"widget\" data-widget_type=\"text-editor.default\">\n\t\t\t\t<div class=\"elementor-widget-container\">\n\t\t\t\t\t\t\t\t\t<p>Doris Hartwich<br \/>HARTWICH<br \/>Reitmorstra\u00dfe 23<br \/>80538 Munich<\/p>\n<h2>Contact us<\/h2>\n<p>Phone: +49 089 2289161<br \/>E-mail: info@dorishartwich.de<\/p>\n<h2>Sales tax ID<\/h2>\n<p>Value added tax identification number in accordance with \u00a7 27 a of the Value Added Tax Act:<br \/>DE 1 11 80 53 70<\/p>\n<h2>Editorially responsible<\/h2>\n<p>Doris Hartwich<\/p>\n<h2>Consumer dispute resolution\/universal arbitration board<\/h2>\n<p>We participate in dispute resolution proceedings before a consumer arbitration board. The universal arbitration board of the Zentrum f\u00fcr Schlichtung e.V., Stra\u00dfburger Stra\u00dfe 8, 77694 Kehl am Rhein<a href=\"https:\/\/www.verbraucher-schlichter.de\" target=\"_blank\" rel=\"noopener noreferrer nofollow\">(https:\/\/www.verbraucher-schlichter.de)<\/a> is responsible.<\/p>\n<p>LIABILITY FOR CONTENT<br \/>As a service provider, we are liable pursuant to \u00a7 7 para.1 TMG is responsible for its own content on these pages according to the general laws. According to \u00a7\u00a7 8 to 10 TMG, however, we as a service provider are not obliged to monitor transmitted or stored third-party information or to investigate circumstances that indicate illegal activity. Obligations to remove or block the use of information in accordance with the general laws remain unaffected by this. However, liability in this respect is only possible from the time of knowledge of a specific infringement. As soon as we become aware of such infringements, we will remove this content immediately.<\/p>\n<p>LIABILITY FOR LINKS<br \/>Our website contains links to external third-party websites over whose content we have no influence. Therefore, we cannot accept any liability for this third-party content. The respective provider or operator of the pages is always responsible for the content of the linked pages. The linked pages were checked for possible legal violations at the time of linking. Illegal contents were not recognizable at the time of linking. However, permanent monitoring of the content of the linked pages is not reasonable without concrete evidence of an infringement. If we become aware of any legal infringements, we will remove such links immediately.<\/p>\n<p>COPYRIGHT<br \/>The content and works created by the site operators on these pages are subject to German copyright law. Duplication, processing, distribution and any form of commercialization of such material beyond the scope of the copyright law shall require the prior written consent of its respective author or creator. Downloads and copies of this site are only permitted for private, non-commercial use. Insofar as the content on this site was not created by the operator, the copyrights of third parties are respected. In particular, third-party content is identified as such. Should you nevertheless become aware of a copyright infringement, please inform us accordingly. If we become aware of any infringements, we will remove such content immediately.<\/p>\n\t\t\t\t\t\t\t\t<\/div>\n\t\t\t\t<\/div>\n\t\t\t\t\t<\/div>\n\t\t\t\t<\/div>\n\t\t\t\t<\/div>\n\t\t","protected":false},"excerpt":{"rendered":"<p>Imprint Doris HartwichHARTWICHReitmorstra\u00dfe 2380538 Munich Contact us Phone: +49 089 2289161E-mail: info@dorishartwich.de Sales tax ID Value added tax identification number in accordance with \u00a7 27&#8230;<\/p>\n","protected":false},"author":1,"featured_media":0,"parent":0,"menu_order":0,"comment_status":"closed","ping_status":"closed","template":"elementor_header_footer","meta":{"footnotes":""},"class_list":["post-10835","page","type-page","status-publish","hentry"],"_links":{"self":[{"href":"https:\/\/www.dorishartwich.de\/en\/wp-json\/wp\/v2\/pages\/10835","targetHints":{"allow":["GET"]}}],"collection":[{"href":"https:\/\/www.dorishartwich.de\/en\/wp-json\/wp\/v2\/pages"}],"about":[{"href":"https:\/\/www.dorishartwich.de\/en\/wp-json\/wp\/v2\/types\/page"}],"author":[{"embeddable":true,"href":"https:\/\/www.dorishartwich.de\/en\/wp-json\/wp\/v2\/users\/1"}],"replies":[{"embeddable":true,"href":"https:\/\/www.dorishartwich.de\/en\/wp-json\/wp\/v2\/comments?post=10835"}],"version-history":[{"count":2,"href":"https:\/\/www.dorishartwich.de\/en\/wp-json\/wp\/v2\/pages\/10835\/revisions"}],"predecessor-version":[{"id":10837,"href":"https:\/\/www.dorishartwich.de\/en\/wp-json\/wp\/v2\/pages\/10835\/revisions\/10837"}],"wp:attachment":[{"href":"https:\/\/www.dorishartwich.de\/en\/wp-json\/wp\/v2\/media?parent=10835"}],"curies":[{"name":"wp","href":"https:\/\/api.w.org\/{rel}","templated":true}]}}